{"id":2,"date":"2013-11-06T11:55:36","date_gmt":"2013-11-06T11:55:36","guid":{"rendered":"http:\/\/cryovida.com\/2017\/?page_id=2"},"modified":"2017-02-14T16:38:52","modified_gmt":"2017-02-14T19:38:52","slug":"preguntas_frecuentes","status":"publish","type":"page","link":"https:\/\/cryovida.com\/2017\/preguntas_frecuentes\/","title":{"rendered":"Preguntas Frecuentes"},"content":{"rendered":"<p>[vc_row][vc_column][vc_empty_space][vc_tta_accordion style=\u00bbflat\u00bb c_icon=\u00bbchevron\u00bb active_section=\u00bb0&#8243;][vc_tta_section title=\u00bb01. \u00bfQu\u00e9 son las c\u00e9lulas madre?\u00bb tab_id=\u00bb1484510225818-be5d649c-7612&#8243;][vc_column_text]<\/p>\n<h4><span lang=\"ES\" style=\"color: #a0478e;\">Las c\u00e9lulas madre son c\u00e9lulas que pueden diferenciarse en otros tipos diferente\u00a0de c\u00e9lulas y autorrenovarse, es decir, dividirse y hacer copias de s\u00ed mismas. Por ello, pueden colonizar, integrarse y originar nuevos tejidos.\u00a0Existen diferentes tipos de c\u00e9lulas madre. Se diferencian por el origen de su obtenci\u00f3n y sobre todo por su capacidad de diferenciarse en todos o algunos tipos celulares del organismo. En el caso de las c\u00e9lulas madre de cord\u00f3n umbilical, tienen la capacidad de reconstruir todos los componentes sangu\u00edneos y el sistema inmune.<\/span><\/h4>\n<h4><span lang=\"ES\" style=\"color: #a0478e;\">\u00a0<\/span><\/h4>\n<p>[\/vc_column_text][\/vc_tta_section][vc_tta_section title=\u00bb02. \u00bfLas c\u00e9lulas madre de cord\u00f3n umbilical son diferentes que otras c\u00e9lulas madre?\u00bb tab_id=\u00bb1484510225966-29f30700-0cf6&#8243;][vc_column_text]<\/p>\n<h4><span lang=\"ES\" style=\"color: #a0478e;\">Las c\u00e9lulas madre de cord\u00f3n umbilical tienen cualidades biol\u00f3gicas \u00fanicas. Estas c\u00e9lulas son m\u00e1s prol\u00edferas que las c\u00e9lulas de la m\u00e9dula \u00f3sea, son \u201cinmunol\u00f3gicamente inmaduras\u201d y, por lo tanto, tienen mayor probabilidad de ser compatibles entre los miembros de una familia. Adem\u00e1s, las c\u00e9lulas de cord\u00f3n umbilical que se congelan desde el nacimiento, no experimentan el mismo proceso de envejecimiento ni la misma exposici\u00f3n a virus externos que las c\u00e9lulas madre presentes en un individuo adulto.<\/span><\/h4>\n<p>[\/vc_column_text][\/vc_tta_section][vc_tta_section title=\u00bb03. \u00bfQu\u00e9 es el cord\u00f3n umbilical?\u00bb tab_id=\u00bb1484510880351-9e1879cd-9eb3&#8243;][vc_column_text]<\/p>\n<h4><span lang=\"ES\"><span style=\"color: #a0478e;\">El cord\u00f3n umbilical es el conducto vascular que une la placenta con el beb\u00e9 en gestaci\u00f3n. Se encuentra formado por dos arterias y una vena. En el momento del parto, se corta para separar el reci\u00e9n nacido de la placenta.<\/span><br \/>\n<\/span><\/h4>\n<p>[\/vc_column_text][\/vc_tta_section][vc_tta_section title=\u00bb04. \u00bfQu\u00e9 es la placenta?\u00bb tab_id=\u00bb1484510881479-6bf926fd-d7b0&#8243;][vc_column_text]<\/p>\n<h4><span lang=\"ES\" style=\"color: #a0478e;\">La placenta es el \u00f3rgano donde las circulaciones sangu\u00edneas maternas y fetal interact\u00faan sin mezclarse, para lograr la provisi\u00f3n de ox\u00edgeno y nutrientes desde la sangre materna al feto, y la eliminaci\u00f3n de sustancias de desechos generadas por el feto hacia la madre.<\/span><\/h4>\n<p>[\/vc_column_text][\/vc_tta_section][vc_tta_section title=\u00bb05. \u00bfQu\u00e9 es la sangre del cord\u00f3n umbilical?\u00bb tab_id=\u00bb1484510882250-43825475-6d0b\u00bb][vc_column_text]<\/p>\n<h4><span lang=\"ES\" style=\"color: #a0478e;\">La sangre del cord\u00f3n umbilical es la sangre que queda en el cord\u00f3n umbilical y la placenta cuando nace el beb\u00e9. En el pasado, esa sangre normalmente se desechaba despu\u00e9s del parto; sin embargo, la ciencia m\u00e9dica ha demostrado que la sangre del cord\u00f3n umbilical es una fuente rica en c\u00e9lulas progenitoras, las cuales se pueden recolectar, procesar y crioconservar para el potencial aprovechamiento futuro.<\/span><\/h4>\n<p>[\/vc_column_text][\/vc_tta_section][vc_tta_section title=\u00bb06. \u00bfPor qu\u00e9 son especiales las c\u00e9lulas progenitoras de la sangre del cord\u00f3n umbilical?\u00bb tab_id=\u00bb1484532109831-a0b3058b-d02a\u00bb][vc_column_text]<\/p>\n<h4><span style=\"color: #a0478e;\">Las c\u00e9lulas progenitoras de la sangre del cord\u00f3n umbilical poseen un n\u00famero considerable de ventajas sobre las c\u00e9lulas progenitoras provenientes de otras fuentes (de la m\u00e9dula \u00f3sea, por ejemplo):<\/span><\/h4>\n<ol>\n<li>\n<h4><span style=\"color: #a0478e;\">con la sangre del cord\u00f3n umbilical se logra un mayor n\u00famero de trasplantes,<\/span><\/h4>\n<\/li>\n<li>\n<h4><span style=\"color: #a0478e;\">es m\u00e1s tolerante a la incompatibilidad de tejidos,<\/span><\/h4>\n<\/li>\n<li>\n<h4><span style=\"color: #a0478e;\">resulta en una menor tasa de enfermedad grave del injerto contra el hu\u00e9sped (una complicaci\u00f3n grave en el trasplante de c\u00e9lulas progenitoras) y<\/span><\/h4>\n<\/li>\n<li>\n<h4><span style=\"color: #a0478e;\">s\u00f3lo en muy raras ocasiones est\u00e1 contaminada con virus en estado latente.<\/span><\/h4>\n<\/li>\n<\/ol>\n<h4><span style=\"color: #a0478e;\">Adem\u00e1s, la sangre del cord\u00f3n umbilical no ha estado expuesta a casi ninguna enfermedad, mientras que la exposici\u00f3n a enfermedades puede hacer que sea m\u00e1s dif\u00edcil utilizar la m\u00e9dula \u00f3sea de adulto en trasplantes. Pero lo m\u00e1s importante es que la sangre del cord\u00f3n umbilical de su beb\u00e9 tiene una compatibilidad perfecta con \u00e9l mismo en el improbable caso de que llegara a necesitarla, y proporciona una probabilidad de 1 en 4 de ser compatible con un hermano (actual o futuro). Es importante observar que la compatibilidad perfecta no implica necesariamente que las c\u00e9lulas ser\u00e1n \u00fatiles en el tratamiento de ciertas enfermedades del donante.<\/span><\/h4>\n<h4><span lang=\"ES\" style=\"color: #a0478e;\">\u00a0<\/span><\/h4>\n<p>[\/vc_column_text][\/vc_tta_section][vc_tta_section title=\u00bb07. \u00bfQu\u00e9 es un banco de cord\u00f3n umbilical?\u00bb tab_id=\u00bb1484532112879-da1eb198-5c87&#8243;][vc_column_text]<\/p>\n<h4><span lang=\"ES\" style=\"color: #a0478e;\">Un banco de cord\u00f3n umbilical es una opci\u00f3n al nacer que permite a los padres recolectar y almacenar (criopreservar) las c\u00e9lulas madre del cord\u00f3n umbilical de su beb\u00e9 para su posible uso en el futuro. Al guardar la sangre de cord\u00f3n de su beb\u00e9, las c\u00e9lulas quedan espec\u00edficamente reservadas para su familia.<\/span><\/h4>\n<p>[\/vc_column_text][\/vc_tta_section][vc_tta_section title=\u00bb08. \u00bfQu\u00e9 enfermedades pueden tratarse con un transplante de c\u00e9lulas madre?\u00bb tab_id=\u00bb1484532113866-f734f156-2958&#8243;][vc_column_text]<\/p>\n<h4><span lang=\"ES\" style=\"color: #a0478e;\">Hasta ahora, las c\u00e9lulas madre de cord\u00f3n umbilical se han utilizado para tratar c\u00e1nceres y trastornos de la sangre como leucemias, enfermedad de Hodgkin y anemia apl\u00e1sica. (La sangre de cord\u00f3n umbilical es una fuente potencial de c\u00e9lulas madre para tratar las mismas enfermedades asociadas actualmente con los trasplantes de c\u00e9lulas madre de m\u00e9dula \u00f3sea).<br \/>\nEn un futuro, las c\u00e9lulas madre podr\u00edan utilizarse en nuevas terapias como la reparaci\u00f3n de da\u00f1o cerebral y de m\u00e9dula espinal y tratamientos de enfermedades cardiovasculares o diabetes.<\/span><\/h4>\n<p>[\/vc_column_text][\/vc_tta_section][vc_tta_section title=\u00bb09. \u00bfEn los casos de enfermedades cong\u00e9nitas, existe alguna posibilidad de utilizaci\u00f3n de estas c\u00e9lulas?\u00bb tab_id=\u00bb1484532114728-03642d8b-8cfd\u00bb][vc_column_text]<\/p>\n<h4><span lang=\"ES\" style=\"color: #a0478e;\">Existen en la actualidad algunos tratamientos de terapia g\u00e9nica donde podr\u00eda corregirse el defecto gen\u00e9tico y as\u00ed se lograr\u00eda permitir el uso aut\u00f3logo de la sangre de cord\u00f3n.<\/span><\/h4>\n<p>[\/vc_column_text][\/vc_tta_section][vc_tta_section title=\u00bb10. \u00bfExiste alg\u00fan riesgo al recolectar la sangre de cord\u00f3n umbilical?\u00bb tab_id=\u00bb1484532894373-76492aea-d957&#8243;][vc_column_text]<\/p>\n<h4><span lang=\"ES\" style=\"color: #a0478e;\">Absolutamente no. La sangre del cord\u00f3n umbilical de un beb\u00e9 normalmente se desecha junto con el cord\u00f3n despu\u00e9s del nacimiento. Cuando usted solicita que se recolecte la sangre de cord\u00f3n umbilical, lo \u00fanico que cambia del procedimiento normal, es que despu\u00e9s de que nace el beb\u00e9 y una vez que se ha cortado el cord\u00f3n, se recolecta la sangre del cord\u00f3n en lugar de tirarla. Esta recolecci\u00f3n puede hacerse incluso despu\u00e9s de que la placenta ha sido expulsada.<\/span><\/h4>\n<p>[\/vc_column_text][\/vc_tta_section][vc_tta_section title=\u00bb11. \u00bfQui\u00e9n puede usar las c\u00e9lulas progenitoras de la sangre del cord\u00f3n umbilical conservadas?\u00bb tab_id=\u00bb1484532896665-b041d6cf-b1c3&#8243;][vc_column_text]<\/p>\n<h4><span lang=\"ES\" style=\"color: #a0478e;\">Por supuesto que las c\u00e9lulas progenitoras de la sangre del cord\u00f3n umbilical conservadas est\u00e1n disponibles como c\u00e9lulas perfectamente compatibles para el ni\u00f1o de cuyo cord\u00f3n umbilical se extrajeron. Puesto que hay una probabilidad de 1 en 4 de una compatibilidad perfecta con un hermano, los padres pueden decidir que la sangre del cord\u00f3n umbilical est\u00e9 a disposici\u00f3n de los hermanos o potencialmente otros miembros de la familia que pudieran necesitarla. La decisi\u00f3n es enteramente de los padres.<\/span><\/h4>\n<p>[\/vc_column_text][\/vc_tta_section][vc_tta_section title=\u00bb 12. \u00bfPor qu\u00e9 guardan las familias la sangre de cord\u00f3n umbilical?\u00bb tab_id=\u00bb1484533091135-6bf644b1-fd99&#8243;][vc_column_text]<\/p>\n<h4><span lang=\"ES\" style=\"color: #a0478e;\">Las c\u00e9lulas madre de cord\u00f3n umbilical son consideradas uno de los tratamientos m\u00e9dicos m\u00e1s prometedores del futuro. La mayor\u00eda de las familias lo hacen para sentirse tranquilos, sabiendo que las c\u00e9lulas madre pudieran tener usos actuales y futuros muy valiosos para su familia. El guardar la sangre de cord\u00f3n umbilical aumenta las probabilidades de que si alguien en su familia requiere de un trasplante de c\u00e9lulas madre, pueda utilizar las c\u00e9lulas madre de un pariente cercano.<\/span><\/h4>\n<p>[\/vc_column_text][\/vc_tta_section][vc_tta_section title=\u00bb13. \u00bfCu\u00e1l es el grado de \u00e9xito de los trasplantes de sangre del cord\u00f3n umbilical?\u00bb tab_id=\u00bb1484533092587-4d7ce466-ba5e\u00bb][vc_column_text]<\/p>\n<h4><span lang=\"ES\" style=\"color: #a0478e;\">Los trasplantes de sangre del cord\u00f3n umbilical han demostrado tener por lo menos el mismo \u00e9xito que los trasplantes de m\u00e9dula \u00f3sea en los casos en que han sido utilizados. En comparaci\u00f3n, la sangre del cord\u00f3n umbilical tiene otras ventajas que la m\u00e9dula \u00f3sea no posee, como la facilidad de su obtenci\u00f3n y la mejor tolerancia a las histoincompatibilidades.<\/span><\/h4>\n<p>[\/vc_column_text][\/vc_tta_section][vc_tta_section title=\u00bb14. \u00bfPor cu\u00e1nto tiempo pueden conservarse estas c\u00e9lulas almacenadas?\u00bb tab_id=\u00bb1484533096927-3dffe17d-171f\u00bb][vc_column_text]<\/p>\n<h4><span lang=\"ES\" style=\"color: #a0478e;\">Las c\u00e9lulas madre son el tipo m\u00e1s vigoroso de c\u00e9lula y debieran permanecer viables por tiempo indefinido cuando se congelan adecuadamente. C\u00e9lulas madre que hab\u00edan estado guardadas por m\u00e1s de veinte\u00a0a\u00f1os, han sido ya utilizadas exitosamente en trasplantes. Los lineamientos sobre c\u00e9lulas madre de la sangre de cord\u00f3n umbilical del departamento estatal de salud del estado de Nueva York indican que: No existe actualmente evidencia de que c\u00e9lulas almacenadas a \u2013196\u00b0C que no han sido perturbadas, pierdan ya sea su viabilidad determinada in-vitro o su actividad biol\u00f3gica. Por lo tanto, en este momento, no existe una fecha de caducidad que pueda asignarse a la sangre de cord\u00f3n que ha sido guardada de forma continua a la temperatura del nitr\u00f3geno l\u00edquido.<\/span><\/h4>\n<h4><span lang=\"ES\">\u00a0<\/span><\/h4>\n<p>[\/vc_column_text][\/vc_tta_section][vc_tta_section title=\u00bb15. \u00bfCon cu\u00e1nta antelaci\u00f3n al parto debo contratar el servicio?\u00bb tab_id=\u00bb1484533098753-b6cb8096-55c2&#8243;][vc_column_text]<\/p>\n<h4><span lang=\"ES\"><span style=\"color: #a0478e;\">El momento de la recolecci\u00f3n es \u00fanico y coincide con el momento del parto. Las decisiones deben ser tomadas con la mayor antelaci\u00f3n posible y puede contratar el servicio desde que se enter\u00f3 de la existencia de su embarazo hasta un mes antes de la fecha probable de parto. Hay que tener en cuenta que puede existir un adelanto a la fecha prevista por lo que se recomienda hacer la contrataci\u00f3n tempranamente para evitar perder la oportunidad de la recolecci\u00f3n, que como dijimos al principio, es \u00fanica e irrepetible para cada reci\u00e9n nacido.<\/span><br \/>\n<\/span><\/h4>\n<p>[\/vc_column_text][\/vc_tta_section][vc_tta_section title=\u00bb16. \u00bfD\u00f3nde se localiza el \u00e1rea de procesamiento de CRYOVIDA?\u00bb tab_id=\u00bb1484533411066-06c20cd9-de05&#8243;][vc_column_text]<\/p>\n<h4><span lang=\"ES\" style=\"color: #a0478e;\">Se encuentra en nuestros laboratorios ubicados en calle Bv. Oro\u00f1o 1588 de la ciudad de Rosario, en un centro m\u00e9dico que ofrece un servicio confiable y eficiente con m\u00e1s de 15 a\u00f1os de trayectoria en la criobiolog\u00eda<\/span><\/h4>\n<p>[\/vc_column_text][\/vc_tta_section][\/vc_tta_accordion][\/vc_column][\/vc_row][vc_row][vc_column][vc_empty_space][vc_empty_space][\/vc_column][\/vc_row][vc_row][vc_column width=\u00bb1\/3&#8243;]<div class=\"flat_box\"><a href=\"http:\/\/cryovida.com\/2017\/servicios\/\" ><div class=\"photo_wrapper\"><div class=\"icon themebg\" ><i class=\"icon-viadeo\"><\/i><\/div><img decoding=\"async\" class=\"photo scale-with-grid\" src=\"https:\/\/cryovida.com\/2017\/wp-content\/uploads\/2013\/11\/servicios.jpg\" alt=\"\" width=\"\" height=\"\"\/><\/div><div class=\"desc_wrapper\"><h4>Servicios<\/h4><div class=\"desc\">Conoc\u00e9 nuestros servicios y la forma simple de contratar el \u00fanico Banco de C\u00e9lulas Madre de Rosario.<\/div><\/div><\/a><\/div>\n[\/vc_column][vc_column width=\u00bb1\/3&#8243;]<div class=\"flat_box\"><a href=\"http:\/\/cryovida.com\/2017\/novedades\/\" ><div class=\"photo_wrapper\"><div class=\"icon themebg\" ><i class=\"icon-comment-line\"><\/i><\/div><img decoding=\"async\" class=\"photo scale-with-grid\" src=\"https:\/\/cryovida.com\/2017\/wp-content\/uploads\/2015\/01\/novedades.jpg\" alt=\"\" width=\"\" height=\"\"\/><\/div><div class=\"desc_wrapper\"><h4>Novedades<\/h4><div class=\"desc\">Seguinos en nuestro blog, donde encontrar\u00e1s todas las semanas las \u00faltimas noticias sobre C\u00e9lulas Madre. Adem\u00e1s, consejos y tips \u00fatiles para padres, para que puedas estar informado y despejes dudas sobre el cuidado de tu beb\u00e9.<\/div><\/div><\/a><\/div>\n[\/vc_column][vc_column width=\u00bb1\/3&#8243;]<div class=\"flat_box\"><a href=\"http:\/\/cryovida.com\/2017\/location\/\" ><div class=\"photo_wrapper\"><div class=\"icon themebg\" ><i class=\"icon-mail-line\"><\/i><\/div><img decoding=\"async\" class=\"photo scale-with-grid\" src=\"https:\/\/cryovida.com\/2017\/wp-content\/uploads\/2015\/01\/contacto.jpg\" alt=\"\" width=\"\" height=\"\"\/><\/div><div class=\"desc_wrapper\"><h4>Cont\u00e1ctanos <\/h4><div class=\"desc\">Hac\u00e9 una consulta sin cargo y despej\u00e1 todas tus dudas antes de contratar el servicio.<\/div><\/div><\/a><\/div>\n[\/vc_column][\/vc_row]<\/p>\n","protected":false},"excerpt":{"rendered":"<p>[vc_row][vc_column][vc_empty_space][vc_tta_accordion style=\u00bbflat\u00bb c_icon=\u00bbchevron\u00bb active_section=\u00bb0&#8243;][vc_tta_section title=\u00bb01. \u00bfQu\u00e9 son las c\u00e9lulas madre?\u00bb tab_id=\u00bb1484510225818-be5d649c-7612&#8243;][vc_column_text] Las c\u00e9lulas madre son c\u00e9lulas que pueden diferenciarse en otros tipos diferente\u00a0de c\u00e9lulas y autorrenovarse, [&hellip;]<\/p>\n","protected":false},"author":1,"featured_media":0,"parent":0,"menu_order":0,"comment_status":"open","ping_status":"open","template":"","meta":{"footnotes":""},"class_list":["post-2","page","type-page","status-publish","hentry"],"aioseo_notices":[],"_links":{"self":[{"href":"https:\/\/cryovida.com\/2017\/wp-json\/wp\/v2\/pages\/2","targetHints":{"allow":["GET"]}}],"collection":[{"href":"https:\/\/cryovida.com\/2017\/wp-json\/wp\/v2\/pages"}],"about":[{"href":"https:\/\/cryovida.com\/2017\/wp-json\/wp\/v2\/types\/page"}],"author":[{"embeddable":true,"href":"https:\/\/cryovida.com\/2017\/wp-json\/wp\/v2\/users\/1"}],"replies":[{"embeddable":true,"href":"https:\/\/cryovida.com\/2017\/wp-json\/wp\/v2\/comments?post=2"}],"version-history":[{"count":35,"href":"https:\/\/cryovida.com\/2017\/wp-json\/wp\/v2\/pages\/2\/revisions"}],"predecessor-version":[{"id":444,"href":"https:\/\/cryovida.com\/2017\/wp-json\/wp\/v2\/pages\/2\/revisions\/444"}],"wp:attachment":[{"href":"https:\/\/cryovida.com\/2017\/wp-json\/wp\/v2\/media?parent=2"}],"curies":[{"name":"wp","href":"https:\/\/api.w.org\/{rel}","templated":true}]}}