{"id":33,"date":"2015-01-15T15:49:51","date_gmt":"2015-01-15T15:49:51","guid":{"rendered":"http:\/\/themes.muffingroup.com\/be\/spa\/?page_id=2"},"modified":"2024-01-12T17:22:45","modified_gmt":"2024-01-12T20:22:45","slug":"home","status":"publish","type":"page","link":"https:\/\/cryovida.com\/2017\/","title":{"rendered":"Home"},"content":{"rendered":"<p>[vc_row][vc_column][vc_empty_space height=\u00bb64px\u00bb][\/vc_column][\/vc_row][vc_row][vc_column width=\u00bb1\/2&#8243;][vc_single_image image=\u00bb1512&#8243; img_size=\u00bb584X924&#8243; css_animation=\u00bbtop-to-bottom\u00bb][\/vc_column][vc_column width=\u00bb1\/2&#8243;][vc_column_text css_animation=\u00bbtop-to-bottom\u00bb]<\/p>\n<h3><span style=\"color: #339966;\">\u00bfQu\u00e9 es la sangre del Cord\u00f3n Umbilical?<\/span><\/h3>\n<h4><span style=\"color: #999999;\">El cord\u00f3n umbilical es el conducto vascular que une la placenta con el beb\u00e9 en gestaci\u00f3n. Se encuentra formado por dos arterias, una vena y un tejido especial que las circunda llamado \u201cGelatina de Wharton\u201d. En el momento de parto, se cortan para separar al reci\u00e9n nacido de la placenta. La sangre encontrada en las arterias y venas del cord\u00f3n umbilical es rica en un grupo particular de C\u00e9lulas Madre (adultas) que son llamadas \u201cHematopoy\u00e9ticas\u201d, o sea, las encargadas de originar los distintos tipos de c\u00e9lulas de la sangre. A saber: gl\u00f3bulos rojos, blancos y plaquetas.<\/span><br \/>\n<span style=\"color: #999999;\"><br \/>\nLa gelatina de Wharton y los tejidos circundantes es rica en otro tipo particular de C\u00e9lulas Madres adultas llamadas \u201cmesenquim\u00e1ticas\u201d, que son encargadas de formar y reparar tejidos como hueso, m\u00fasculo, cart\u00edlago, grasas y otros.<\/span><br \/>\n<span style=\"color: #999999;\"><br \/>\nLas c\u00e9lulas Hematopoy\u00e9ticas son \u00fatiles en reemplazo de trasplante de medula \u00f3sea, es decir en el tratamiento de las leucemias y otro tipo de c\u00e1ncer de sangre. En el mundo, se llevan realizados m\u00e1s de 35.000 trasplante con estas c\u00e9lulas<\/span><br \/>\n<span style=\"color: #999999;\"><br \/>\nLas c\u00e9lulas mesenquim\u00e1ticas de cord\u00f3n umbilical est\u00e1n siendo probadas como materia prima para los tratamientos conocidos como \u201cmedicina regenerativa\u201d, cuyo objetivo es reparar c\u00e9lulas y tejidos da\u00f1ados tanto por alguna enfermedad como tambi\u00e9n por el paso de los a\u00f1os.<\/span><br \/>\n<span style=\"color: #999999;\"><br \/>\nLas C\u00e9lulas Madre de cord\u00f3n umbilical tienen algunas cualidades biol\u00f3gicas muy ventajosas.<\/span><br \/>\n<span style=\"color: #999999;\">Comparadas con las de la medula \u00f3sea son \u201cinmunol\u00f3gicamente inmaduras\u201d lo que disminuye la probabilidad de rechazo una vez que son trasplantadas en un paciente que no sea el propio individuo del que se extrajeron, por ejemplo, la familia del mismo.<\/span><\/h4>\n<p>[\/vc_column_text][\/vc_column][\/vc_row][vc_row][vc_column width=\u00bb1\/2&#8243;][vc_column_text css_animation=\u00bbtop-to-bottom\u00bb]<\/p>\n<h3><span style=\"color: #339966;\">\u00bfPor qu\u00e9 guardar C\u00e9lulas madre de cord\u00f3n?<\/span><strong><br \/>\n<\/strong><\/h3>\n<h4><span style=\"color: #999999;\">En la enorme mayor\u00eda de los nacimientos, el Cord\u00f3n Umbilical y la sangre contenida en sus vasos son desechados. Recolectarla (realizado por personal calificado), por lo tanto, no supone ning\u00fan riesgo ni para el reci\u00e9n nacido ni para la madre. Lo que se utiliza es lo que se desechaba.<\/span><\/h4>\n<h4><span style=\"color: #999999;\">Las C\u00e9lulas Madre del cord\u00f3n umbilical (tanto hematopoy\u00e9ticas como mesenquim\u00e1ticas) puede conservarse durante a\u00f1os, congeladas en nitr\u00f3geno l\u00edquido, sin perder sus cualidades. Esto puede hacerse en bancos de c\u00e9lulas p\u00fablicos o privados. En los bancos p\u00fablicos las c\u00e9lulas son donadas para ser usadas por cualquier persona que las necesite sea compatible, en los privados son guardadas para ser usadas por la misma persona de la cual se extrajeron o sus familiares. No se donan.<\/span><\/h4>\n<h4><span style=\"color: #999999;\">Distintos pa\u00edses tienen sistemas con solo bancos p\u00fablicos, con solo bancos privados, o con ambos combinados. Esto \u00faltimo es lo que sucede en nuestro pa\u00eds.<\/span><\/h4>\n<h4><span style=\"color: #999999;\">Vale aclarar que en caso de que una muestra de c\u00e9lulas del cord\u00f3n sea utilizada por la misma persona de la cual se extrajeron, la compatibilidad ser\u00e1 total.<\/span><\/h4>\n<p>[\/vc_column_text][\/vc_column][vc_column width=\u00bb1\/2&#8243;][vc_column_text css_animation=\u00bbtop-to-bottom\u00bb]<\/p>\n<h3><span style=\"color: #339966;\">\u00bfC\u00f3mo es el procedimiento?<\/span><\/h3>\n<h4><span style=\"color: #999999;\">Como hemos visto, del cord\u00f3n umbilical se pueden conservas dos tipos distintos de c\u00e9lulas madre.<\/span><\/h4>\n<h4><span style=\"color: #999999;\">En el caso de c\u00e9lulas de la sangre del cord\u00f3n el procedimiento supone una concentraci\u00f3n de las que tienen caracter\u00edsticas de C\u00e9lulas Madre, su acondicionamiento y el posterior congelado de esos concentrados. Tambi\u00e9n se realizan una serie de an\u00e1lisis que determinan la cantidad disponible de las mismas de forma tal de conocer si la muestra ser\u00e1 de mayor o menor utilidad.<\/span><\/h4>\n<h4><span style=\"color: #999999;\">En caso de la muestra de tejido propiamente dicho (las c\u00e9lulas mesenquim\u00e1ticas). El proceso de acondicionamiento para congelarlo es diferente. La sangre es congelada en una bolsa de aproximadamente 25ml. Mientras que el tejido se congela en tubos de 2ml.<\/span><\/h4>\n<p>[\/vc_column_text][\/vc_column][\/vc_row][vc_row][vc_column][vc_empty_space height=\u00bb128px\u00bb][\/vc_column][\/vc_row][vc_row][vc_column]<div class=\"fancy_heading fancy_heading_line\"><h1 class=\"title\">CONOCE M\u00c1S SOBRE CRYOVIDA<\/h1><\/div>\n[\/vc_column][\/vc_row][vc_row][vc_column width=\u00bb1\/2&#8243;]<div class=\"flat_box\"><a href=\"http:\/\/cryovida.com\/2017\/celulas_madre\/\" ><div class=\"photo_wrapper\"><div class=\"icon themebg\" style=\"background-color:#8ed65c\"><i class=\"icon-heart-fa\"><\/i><\/div><img decoding=\"async\" class=\"photo scale-with-grid\" src=\"https:\/\/cryovida.com\/2017\/wp-content\/uploads\/2019\/01\/celulas-madre.jpg\" alt=\"\" width=\"\" height=\"\"\/><\/div><div class=\"desc_wrapper\"><h4>C\u00e9lulas Madre<\/h4><div class=\"desc\">Desde hace m\u00e1s de 25 a\u00f1os , las C\u00e9lulas Madre se han empleado para realizar trasplantes de m\u00e9dula \u00f3sea. Con estas c\u00e9lulas provenientes de la sangre de cord\u00f3n umbilical, se ha conseguido la cura de muchas enfermedades &#8230;<\/div><\/div><\/a><\/div>\n[\/vc_column][vc_column width=\u00bb1\/2&#8243;]<div class=\"flat_box\"><a href=\"http:\/\/cryovida.com\/2017\/servicios\/\" ><div class=\"photo_wrapper\"><div class=\"icon themebg\" style=\"background-color:#8ed65c\"><i class=\"icon-plus-circled\"><\/i><\/div><img decoding=\"async\" class=\"photo scale-with-grid\" src=\"https:\/\/cryovida.com\/2017\/wp-content\/uploads\/2019\/01\/servicios-1.jpg\" alt=\"\" width=\"\" height=\"\"\/><\/div><div class=\"desc_wrapper\"><h4>Nuestros Servicios<\/h4><div class=\"desc\">Cryovida Banco de C\u00e9lulas Madre, es una compa\u00f1\u00eda dedicada a la criopreservaci\u00f3n de C\u00e9lulas Madre de cord\u00f3n umbilical, incluyendo su recogida, traslado y procesamiento, bajo los protocolos internacionales m\u00e1s rigurosos.<\/div><\/div><\/a><\/div>\n[\/vc_column][\/vc_row][vc_row][vc_column width=\u00bb1\/2&#8243;]<div class=\"flat_box\"><a href=\"http:\/\/cryovida.com\/2017\/preguntas_frecuentes\/#1484510225818-be5d649c-7612\" ><div class=\"photo_wrapper\"><div class=\"icon themebg\" style=\"background-color:#8ed65c\"><i class=\"icon-chat\"><\/i><\/div><img decoding=\"async\" class=\"photo scale-with-grid\" src=\"https:\/\/cryovida.com\/2017\/wp-content\/uploads\/2015\/01\/Preguntas.jpg\" alt=\"\" width=\"\" height=\"\"\/><\/div><div class=\"desc_wrapper\"><h4>Preg. Frecuentes<\/h4><div class=\"desc\">\u00bfQu\u00e9 son las c\u00e9lulas madre?<br \/>\n\u00bfQu\u00e9 es un banco de cord\u00f3n umbilical?<br \/>\n\u00bfQu\u00e9 es el cord\u00f3n umbilical?<br \/>\n\u00bfQu\u00e9 es la placenta?<br \/>\n\u00bfPor qu\u00e9 guardan las familias la sangre de cord\u00f3n umbilical?<\/div><\/div><\/a><\/div>\n[\/vc_column][vc_column width=\u00bb1\/2&#8243;]<div class=\"flat_box\"><a href=\"http:\/\/cryovida.com\/2017\/novedades\/\" ><div class=\"photo_wrapper\"><div class=\"icon themebg\" style=\"background-color:#8ed65c\"><i class=\"icon-bell\"><\/i><\/div><img decoding=\"async\" class=\"photo scale-with-grid\" src=\"https:\/\/cryovida.com\/2017\/wp-content\/uploads\/2013\/11\/servicios.jpg\" alt=\"\" width=\"\" height=\"\"\/><\/div><div class=\"desc_wrapper\"><h4>Novedades<\/h4><div class=\"desc\">Seguinos en nuestro blog, donde encontrar\u00e1s todas las semanas las \u00faltimas noticias sobre C\u00e9lulas Madre. Adem\u00e1s, consejos y tips \u00fatiles para padres, para que puedas estar informado y despejes dudas sobre el cuidado de tu beb\u00e9.<\/div><\/div><\/a><\/div>\n[\/vc_column][\/vc_row][vc_row][vc_column][vc_empty_space][\/vc_column][\/vc_row][vc_row full_width=\u00bbstretch_row\u00bb css=\u00bb.vc_custom_1704745887955{background-color: #f2f2f2 !important;}\u00bb el_id=\u00bbPROMOCIONES\u00bb][vc_column width=\u00bb1\/4&#8243;][\/vc_column][vc_column width=\u00bb1\/2&#8243;][vc_empty_space]<div class=\"fancy_heading fancy_heading_line\"><h1 class=\"title\">PROMOCIONES<\/h1><\/div>\n[\/vc_column][vc_column width=\u00bb1\/4&#8243;][\/vc_column][\/vc_row][vc_row full_width=\u00bbstretch_row\u00bb css=\u00bb.vc_custom_1548891733087{background-color: #f2f2f2 !important;}\u00bb][vc_column width=\u00bb1\/4&#8243;][\/vc_column][vc_column width=\u00bb1\/2&#8243;]<div class=\"sliding_box\"><a href=\"http:\/\/cryovida.com\/2017\/promo-amigos\/\" ><div class=\"photo_wrapper\"><img decoding=\"async\" class=\"scale-with-grid\" src=\"https:\/\/cryovida.com\/2017\/wp-content\/uploads\/2023\/11\/promo-referidos.jpg\" alt=\"\" width=\"\" height=\"\"\/><\/div><div class=\"desc_wrapper\"><h4>Programa de Referidos<\/h4><\/div><\/a><\/div>\n[vc_column_text css_animation=\u00bbbottom-to-top\u00bb]<\/p>\n<h4>Vos que ya nos elegiste, ahora cont\u00e1le a todos<br \/>\nEn Cryovida queremos que m\u00e1s familias cuenten con un futuro de posibilidades.<br \/>\nVos ya sos parte de nuestra familia y conoces la importancia de esta decisi\u00f3n, transmitila a familiares y amigos.<br \/>\n<strong>Y obten\u00e9 una bonificaci\u00f3n del 100% del abono anual de Criopreservaci\u00f3n.<\/strong><\/h4>\n<p>[\/vc_column_text][\/vc_column][vc_column width=\u00bb1\/4&#8243;][\/vc_column][\/vc_row][vc_row full_width=\u00bbstretch_row\u00bb css=\u00bb.vc_custom_1548891733087{background-color: #f2f2f2 !important;}\u00bb][vc_column width=\u00bb1\/2&#8243;][\/vc_column][vc_column width=\u00bb1\/2&#8243;][\/vc_column][\/vc_row][vc_row full_width=\u00bbstretch_row\u00bb css=\u00bb.vc_custom_1547251743896{background-color: #70a31b !important;}\u00bb][vc_column][vc_empty_space][vc_column_text]<\/p>\n<h2 style=\"text-align: center;\"><span style=\"color: #ffffff;\">FORMAS DE PAGO<\/span><\/h2>\n<p>[\/vc_column_text][\/vc_column][\/vc_row][vc_row full_width=\u00bbstretch_row\u00bb css=\u00bb.vc_custom_1547251743896{background-color: #70a31b !important;}\u00bb][vc_column width=\u00bb1\/2&#8243;]<div class=\"pricing-box  pricing-box-box\"><div class=\"plan-header\"><div class=\"image\"><img decoding=\"async\" src=\"https:\/\/cryovida.com\/2017\/wp-content\/uploads\/2019\/07\/visa-masater.jpg\" alt=\"\" width=\"\" height=\"\"\/><\/div><h2>D\u00e9bito Autom\u00e1tico<\/h2><\/div><div class=\"plan-footer\"><a href=\"http:\/\/cryovida.com\/2017\/visa-2\/\" class=\"button button_theme button_js \" ><span class=\"button_label\">Saber M\u00e1s<\/span><\/a><\/div><\/div>\n[\/vc_column][vc_column width=\u00bb1\/2&#8243;]<div class=\"pricing-box  pricing-box-box\"><div class=\"plan-header\"><div class=\"image\"><img decoding=\"async\" src=\"https:\/\/cryovida.com\/2017\/wp-content\/uploads\/2019\/07\/debito.jpg\" alt=\"\" width=\"\" height=\"\"\/><\/div><h2>D\u00e9bito por CBU<\/h2><\/div><div class=\"plan-footer\"><a href=\"http:\/\/cryovida.com\/2017\/debito-por-cbu\/\" class=\"button button_theme button_js \" ><span class=\"button_label\">Saber M\u00e1s<\/span><\/a><\/div><\/div>\n[\/vc_column][\/vc_row][vc_row full_width=\u00bbstretch_row\u00bb css=\u00bb.vc_custom_1547251743896{background-color: #70a31b !important;}\u00bb][vc_column width=\u00bb1\/2&#8243;][vc_column_text css_animation=\u00bbtop-to-bottom\u00bb]<\/p>\n<h3 style=\"text-align: right;\"><span style=\"color: #ffffff;\">Explora todas nuestras formas de pago que tenemos disponible y eleg\u00ed la m\u00e1s c\u00f3modo para vos.<\/span><\/h3>\n<p>[\/vc_column_text][\/vc_column][vc_column width=\u00bb1\/2&#8243;][vc_btn title=\u00bb+ Formas de Pago\u00bb color=\u00bbdefault\u00bb link=\u00bburl:http%3A%2F%2Fcryovida.com%2F2017%2Fservicios%2F%23FP|title:formas%20de%20pago||\u00bb][\/vc_column][\/vc_row][vc_row full_width=\u00bbstretch_row\u00bb css=\u00bb.vc_custom_1547251743896{background-color: #70a31b !important;}\u00bb][vc_column][vc_empty_space height=\u00bb12px\u00bb][\/vc_column][\/vc_row][vc_row][vc_column][vc_empty_space][vc_single_image image=\u00bb1199&#8243; img_size=\u00bb366&#215;98&#8243; alignment=\u00bbcenter\u00bb][vc_empty_space]<div class=\"fancy_heading fancy_heading_icon\"><h2 class=\"title\">SEGUINOS EN LAS REDES<\/h2><div class=\"inside\"><\/p>\n<p class=\"big\">Mantente informado de todas las novedades sobre c\u00e9lulas madre y posibles tratamientos.<\/p>\n<p><\/div><\/div>\n[\/vc_column][\/vc_row][vc_row][vc_column width=\u00bb1\/4&#8243;][\/vc_column][vc_column width=\u00bb1\/4&#8243;]<div class=\"icon_box icon_position_top no_border\"><a class=\"\" href=\"https:\/\/www.instagram.com\/cryovida_rosario\/\" target=\"_blank\" ><div class=\"icon_wrapper\"><div class=\"icon\"><i class=\"icon-instagram\"><\/i><\/div><\/div><div class=\"desc_wrapper\"><h4>INSTAGRAM<\/h4><\/div><\/a><\/div>\n[\/vc_column][vc_column width=\u00bb1\/4&#8243;]<div class=\"icon_box icon_position_top no_border\"><a class=\"\" href=\"https:\/\/www.facebook.com\/CRYOVIDA-234056339979988\/?fref=ts\" target=\"_blank\" ><div class=\"icon_wrapper\"><div class=\"icon\"><i class=\"icon-facebook-squared\"><\/i><\/div><\/div><div class=\"desc_wrapper\"><h4>FACEBOOK<\/h4><\/div><\/a><\/div>\n[\/vc_column][vc_column width=\u00bb1\/4&#8243;][\/vc_column][\/vc_row][vc_row][vc_column][\/vc_column][\/vc_row]<\/p>\n","protected":false},"excerpt":{"rendered":"<p>[vc_row][vc_column][vc_empty_space height=\u00bb64px\u00bb][\/vc_column][\/vc_row][vc_row][vc_column width=\u00bb1\/2&#8243;][vc_single_image image=\u00bb1512&#8243; img_size=\u00bb584X924&#8243; css_animation=\u00bbtop-to-bottom\u00bb][\/vc_column][vc_column width=\u00bb1\/2&#8243;][vc_column_text css_animation=\u00bbtop-to-bottom\u00bb] \u00bfQu\u00e9 es la sangre del Cord\u00f3n Umbilical? El cord\u00f3n umbilical es el conducto vascular que une la placenta [&hellip;]<\/p>\n","protected":false},"author":2,"featured_media":0,"parent":0,"menu_order":0,"comment_status":"open","ping_status":"open","template":"","meta":{"footnotes":""},"class_list":["post-33","page","type-page","status-publish","hentry"],"aioseo_notices":[],"_links":{"self":[{"href":"https:\/\/cryovida.com\/2017\/wp-json\/wp\/v2\/pages\/33","targetHints":{"allow":["GET"]}}],"collection":[{"href":"https:\/\/cryovida.com\/2017\/wp-json\/wp\/v2\/pages"}],"about":[{"href":"https:\/\/cryovida.com\/2017\/wp-json\/wp\/v2\/types\/page"}],"author":[{"embeddable":true,"href":"https:\/\/cryovida.com\/2017\/wp-json\/wp\/v2\/users\/2"}],"replies":[{"embeddable":true,"href":"https:\/\/cryovida.com\/2017\/wp-json\/wp\/v2\/comments?post=33"}],"version-history":[{"count":156,"href":"https:\/\/cryovida.com\/2017\/wp-json\/wp\/v2\/pages\/33\/revisions"}],"predecessor-version":[{"id":1889,"href":"https:\/\/cryovida.com\/2017\/wp-json\/wp\/v2\/pages\/33\/revisions\/1889"}],"wp:attachment":[{"href":"https:\/\/cryovida.com\/2017\/wp-json\/wp\/v2\/media?parent=33"}],"curies":[{"name":"wp","href":"https:\/\/api.w.org\/{rel}","templated":true}]}}