{"id":36,"date":"2015-01-26T10:50:59","date_gmt":"2015-01-26T10:50:59","guid":{"rendered":"http:\/\/themes.muffingroup.com\/be\/spa\/?page_id=34"},"modified":"2020-02-18T12:51:55","modified_gmt":"2020-02-18T15:51:55","slug":"promociones","status":"publish","type":"page","link":"https:\/\/cryovida.com\/2017\/promociones\/","title":{"rendered":"PROMOCIONES Y FORMAS DE PAGO"},"content":{"rendered":"<p>[vc_row][vc_column][vc_empty_space][\/vc_column][\/vc_row][vc_row][vc_column width=\u00bb2\/3&#8243;]<div class=\"promo_box no_border\"><div class=\"promo_box_wrapper promo_box_left\"><div class=\"photo_wrapper\"><img decoding=\"async\" class=\"scale-with-grid\" src=\"https:\/\/cryovida.com\/2017\/wp-content\/uploads\/2020\/02\/PROMO-AMIGO-WEB.jpg\" alt=\"\" width=\"\" height=\"\"\/><\/div><div class=\"desc_wrapper\"><h2>Promo Amigos<\/h2><div class=\"desc\">En Cryovida queremos que m\u00e1s familias cuenten con un futuro de posibilidades.<\/div><a href=\"http:\/\/cryovida.com\/2017\/promo-amigos\/\" class=\"button button_left button_theme button_js\" ><span class=\"button_icon\"><i class=\"icon-layout\"><\/i><\/span><span class=\"button_label\">Conocer M\u00e1s<\/span><\/a><\/div><\/div><\/div>\n[\/vc_column][vc_column width=\u00bb1\/3&#8243;][\/vc_column][\/vc_row][vc_row][vc_column width=\u00bb2\/3&#8243;][\/vc_column][vc_column width=\u00bb1\/3&#8243;][\/vc_column][\/vc_row][vc_row][vc_column width=\u00bb2\/3&#8243;][\/vc_column][vc_column width=\u00bb1\/3&#8243;][\/vc_column][\/vc_row][vc_row][vc_column width=\u00bb2\/3&#8243;][\/vc_column][vc_column width=\u00bb1\/3&#8243;][\/vc_column][\/vc_row][vc_row][vc_column width=\u00bb2\/3&#8243;]<div class=\"promo_box no_border\"><div class=\"promo_box_wrapper promo_box_left\"><div class=\"photo_wrapper\"><img decoding=\"async\" class=\"scale-with-grid\" src=\"https:\/\/cryovida.com\/2017\/wp-content\/uploads\/2019\/07\/visa-masater.jpg\" alt=\"\" width=\"\" height=\"\"\/><\/div><div class=\"desc_wrapper\"><h2>D\u00e9bito Autom\u00e1tico <\/h2><div class=\"desc\">Cancel\u00e1 tu abono anual de criopreservaci\u00f3n con D\u00e9bito Autom\u00e1tico VISA o MASTERCARD<br \/>\n<\/div><a href=\"http:\/\/cryovida.com\/2017\/visa-2\/\" class=\"button button_left button_theme button_js\" ><span class=\"button_icon\"><i class=\"icon-layout\"><\/i><\/span><span class=\"button_label\">Conocer M\u00e1s<\/span><\/a><\/div><\/div><\/div>\n[\/vc_column][vc_column width=\u00bb1\/3&#8243;][\/vc_column][\/vc_row][vc_row][vc_column width=\u00bb2\/3&#8243;]<div class=\"promo_box no_border\"><div class=\"promo_box_wrapper promo_box_left\"><div class=\"photo_wrapper\"><img decoding=\"async\" class=\"scale-with-grid\" src=\"https:\/\/cryovida.com\/2017\/wp-content\/uploads\/2019\/07\/debito.jpg\" alt=\"\" width=\"\" height=\"\"\/><\/div><div class=\"desc_wrapper\"><h2>D\u00e9bito por CBU<\/h2><div class=\"desc\">Ahora pod\u00e9s suscribirte autom\u00e1ticamente por mail o whatsapp,<br \/>\n<\/div><a href=\"http:\/\/cryovida.com\/2017\/debito-por-cbu\/\" class=\"button button_left button_theme button_js\" ><span class=\"button_icon\"><i class=\"icon-layout\"><\/i><\/span><span class=\"button_label\">Conocer M\u00e1s<\/span><\/a><\/div><\/div><\/div>\n[\/vc_column][vc_column width=\u00bb1\/3&#8243;][\/vc_column][\/vc_row][vc_row][vc_column][vc_empty_space][\/vc_column][\/vc_row]<\/p>\n","protected":false},"excerpt":{"rendered":"<p>[vc_row][vc_column][vc_empty_space][\/vc_column][\/vc_row][vc_row][vc_column width=\u00bb2\/3&#8243;][\/vc_column][vc_column width=\u00bb1\/3&#8243;][\/vc_column][\/vc_row][vc_row][vc_column width=\u00bb2\/3&#8243;][\/vc_column][vc_column width=\u00bb1\/3&#8243;][\/vc_column][\/vc_row][vc_row][vc_column width=\u00bb2\/3&#8243;][\/vc_column][vc_column width=\u00bb1\/3&#8243;][\/vc_column][\/vc_row][vc_row][vc_column width=\u00bb2\/3&#8243;][\/vc_column][vc_column width=\u00bb1\/3&#8243;][\/vc_column][\/vc_row][vc_row][vc_column width=\u00bb2\/3&#8243;][\/vc_column][vc_column width=\u00bb1\/3&#8243;][\/vc_column][\/vc_row][vc_row][vc_column width=\u00bb2\/3&#8243;][\/vc_column][vc_column width=\u00bb1\/3&#8243;][\/vc_column][\/vc_row][vc_row][vc_column][vc_empty_space][\/vc_column][\/vc_row]<\/p>\n","protected":false},"author":2,"featured_media":1236,"parent":0,"menu_order":0,"comment_status":"open","ping_status":"open","template":"","meta":{"footnotes":""},"class_list":["post-36","page","type-page","status-publish","has-post-thumbnail","hentry"],"aioseo_notices":[],"_links":{"self":[{"href":"https:\/\/cryovida.com\/2017\/wp-json\/wp\/v2\/pages\/36","targetHints":{"allow":["GET"]}}],"collection":[{"href":"https:\/\/cryovida.com\/2017\/wp-json\/wp\/v2\/pages"}],"about":[{"href":"https:\/\/cryovida.com\/2017\/wp-json\/wp\/v2\/types\/page"}],"author":[{"embeddable":true,"href":"https:\/\/cryovida.com\/2017\/wp-json\/wp\/v2\/users\/2"}],"replies":[{"embeddable":true,"href":"https:\/\/cryovida.com\/2017\/wp-json\/wp\/v2\/comments?post=36"}],"version-history":[{"count":59,"href":"https:\/\/cryovida.com\/2017\/wp-json\/wp\/v2\/pages\/36\/revisions"}],"predecessor-version":[{"id":1573,"href":"https:\/\/cryovida.com\/2017\/wp-json\/wp\/v2\/pages\/36\/revisions\/1573"}],"wp:featuredmedia":[{"embeddable":true,"href":"https:\/\/cryovida.com\/2017\/wp-json\/wp\/v2\/media\/1236"}],"wp:attachment":[{"href":"https:\/\/cryovida.com\/2017\/wp-json\/wp\/v2\/media?parent=36"}],"curies":[{"name":"wp","href":"https:\/\/api.w.org\/{rel}","templated":true}]}}